{"id":99,"date":"2026-01-31T08:36:22","date_gmt":"2026-01-31T08:36:22","guid":{"rendered":"https:\/\/nguyenvantien.id.vn\/?post_type=product&#038;p=99"},"modified":"2026-01-31T08:36:23","modified_gmt":"2026-01-31T08:36:23","slug":"hau-han-quoc","status":"publish","type":"product","link":"https:\/\/nguyenvantien.id.vn\/index.php\/product\/hau-han-quoc\/","title":{"rendered":"H\u00e0u H\u00e0n Qu\u1ed1c"},"content":{"rendered":"<p class=\"product__detail--sku\"><strong>M\u00e3 SP:<\/strong>\u00a01040211<\/p>\n<div class=\"product__detail--short--des\">\n<p><strong>Quy c\u00e1ch:<\/strong>\u00a0T\u00fai 1kg, size 10-12 con\/kg<\/p>\n<p><strong>T\u00ecnh tr\u1ea1ng:<\/strong>\u00a0\u0110\u00f4ng l\u1ea1nh<\/p>\n<p><strong>Xu\u1ea5t x\u1ee9<\/strong>: H\u00e0n Qu\u1ed1c<\/p>\n<p><strong>Cam k\u1ebft:<\/strong>\u00a0Nh\u1eadp kh\u1ea9u ch\u00ednh ng\u1ea1ch, ch\u1ee9ng t\u1eeb ch\u1ee9ng minh ngu\u1ed3n g\u1ed1c xu\u1ea5t x\u1ee9 \u0111\u1ea7y \u0111\u1ee7 (xem t\u1ea1i\u00a0<a href=\"https:\/\/file.hstatic.net\/1000030244\/file\/ctnk_hau_han.pdf\"><em>\u0111\u00e2y<\/em><\/a>)<\/p>\n<p><strong>HSD, b\u1ea3o qu\u1ea3n:<\/strong>\u00a024 th\u00e1ng k\u1ec3 t\u1eeb NSX, b\u1ea3o qu\u1ea3n nhi\u1ec7t \u0111\u1ed9 t\u1ed1t nh\u1ea5t -18\u00b0C<\/p>\n<p><em><strong>M\u1eb9o ch\u1ebf bi\u1ebfn:<\/strong>\u00a0R\u00e3 \u0111\u00f4ng d\u01b0\u1edbi v\u00f2i n\u01b0\u1edbc v\u00e0 m\u1edf nh\u1eb9 n\u1eafp tr\u00ean c\u1ee7a con h\u00e0u, sau \u0111\u00f3 r\u1eeda qua l\u1ea1i b\u1eb1ng n\u01b0\u1edbc \u0111\u00e1 l\u1ea1nh ho\u1eb7c r\u1eeda s\u1ea1ch sau \u0111\u00f3 cho v\u00e0o ng\u0103n m\u00e1t \u0111\u1ebfn khi d\u00f9ng \u0111\u1ec3 c\u01a1 h\u00e0u s\u0103n l\u1ea1i \u0103n s\u1ebd ngon h\u01a1n.\u00a0<\/em><\/p>\n<\/div>\n<div id=\"price-preview\" class=\"product__detail--price\"><span class=\"price has-discount\">209,000\u0111<\/span>\u00a0<del>249,000\u0111<\/del><span class=\"product__detail--price--sale\">-16%<\/span><\/div>\n","protected":false},"excerpt":{"rendered":"<p>M\u00e3 SP:\u00a01040211 Quy c\u00e1ch:\u00a0T\u00fai 1kg, size 10-12 con\/kg T\u00ecnh tr\u1ea1ng:\u00a0\u0110\u00f4ng l\u1ea1nh Xu\u1ea5t x\u1ee9: H\u00e0n Qu\u1ed1c Cam k\u1ebft:\u00a0Nh\u1eadp kh\u1ea9u ch\u00ednh ng\u1ea1ch, ch\u1ee9ng t\u1eeb ch\u1ee9ng minh ngu\u1ed3n g\u1ed1c xu\u1ea5t x\u1ee9 \u0111\u1ea7y \u0111\u1ee7<\/p>\n","protected":false},"featured_media":100,"comment_status":"open","ping_status":"closed","template":"","meta":[],"product_brand":[],"product_cat":[23],"product_tag":[],"class_list":{"0":"post-99","1":"product","2":"type-product","3":"status-publish","6":"product_cat-hau-sua-viet-nam","8":"first","9":"instock","10":"sale","11":"shipping-taxable","12":"purchasable","13":"product-type-simple"},"jetpack_sharing_enabled":true,"_links":{"self":[{"href":"https:\/\/nguyenvantien.id.vn\/index.php\/wp-json\/wp\/v2\/product\/99","targetHints":{"allow":["GET"]}}],"collection":[{"href":"https:\/\/nguyenvantien.id.vn\/index.php\/wp-json\/wp\/v2\/product"}],"about":[{"href":"https:\/\/nguyenvantien.id.vn\/index.php\/wp-json\/wp\/v2\/types\/product"}],"replies":[{"embeddable":true,"href":"https:\/\/nguyenvantien.id.vn\/index.php\/wp-json\/wp\/v2\/comments?post=99"}],"wp:featuredmedia":[{"embeddable":true,"href":"https:\/\/nguyenvantien.id.vn\/index.php\/wp-json\/wp\/v2\/media\/100"}],"wp:attachment":[{"href":"https:\/\/nguyenvantien.id.vn\/index.php\/wp-json\/wp\/v2\/media?parent=99"}],"wp:term":[{"taxonomy":"product_brand","embeddable":true,"href":"https:\/\/nguyenvantien.id.vn\/index.php\/wp-json\/wp\/v2\/product_brand?post=99"},{"taxonomy":"product_cat","embeddable":true,"href":"https:\/\/nguyenvantien.id.vn\/index.php\/wp-json\/wp\/v2\/product_cat?post=99"},{"taxonomy":"product_tag","embeddable":true,"href":"https:\/\/nguyenvantien.id.vn\/index.php\/wp-json\/wp\/v2\/product_tag?post=99"}],"curies":[{"name":"wp","href":"https:\/\/api.w.org\/{rel}","templated":true}]}}